{"id":22585,"date":"2025-10-13T13:27:27","date_gmt":"2025-10-13T11:27:27","guid":{"rendered":"https:\/\/370studio.com\/?page_id=22585"},"modified":"2026-02-17T17:42:43","modified_gmt":"2026-02-17T16:42:43","slug":"press","status":"publish","type":"page","link":"https:\/\/370studio.com\/en\/press\/","title":{"rendered":"Press"},"content":{"rendered":"\t\t<div data-elementor-type=\"wp-page\" data-elementor-id=\"22585\" class=\"elementor elementor-22585 elementor-18941\" data-elementor-post-type=\"page\">\n\t\t\t\t\t\t<section class=\"elementor-section elementor-top-section elementor-element elementor-element-793eaad elementor-section-full_width elementor-section-stretched elementor-section-height-min-height elementor-section-items-top elementor-section-height-default\" data-id=\"793eaad\" data-element_type=\"section\" data-settings=\"{&quot;stretch_section&quot;:&quot;section-stretched&quot;}\">\n\t\t\t\t\t\t<div class=\"elementor-container elementor-column-gap-default\">\n\t\t\t\t\t<div class=\"elementor-column elementor-col-100 elementor-top-column elementor-element elementor-element-2114a33\" data-id=\"2114a33\" data-element_type=\"column\">\n\t\t\t<div class=\"elementor-widget-wrap elementor-element-populated\">\n\t\t\t\t\t\t<div class=\"elementor-element elementor-element-3b326bb elementor-widget__width-initial elementor-invisible elementor-widget elementor-widget-prime-slider-general\" data-id=\"3b326bb\" data-element_type=\"widget\" data-settings=\"{&quot;_animation&quot;:&quot;fadeIn&quot;}\" data-widget_type=\"prime-slider-general.default\">\n\t\t\t\t\t\t\t<div class=\"bdt-prime-slider\">\n\t\t\t<div class=\"bdt-prime-slider-skin-general\">\n\t\t\t\t<div class=\"bdt-position-relative bdt-visible-toggle\" bdt-slideshow=\"{&quot;animation&quot;:&quot;fade&quot;,&quot;ratio&quot;:&quot;20:6&quot;,&quot;min-height&quot;:&quot;345&quot;,&quot;autoplay&quot;:true,&quot;autoplay-interval&quot;:7000,&quot;pause-on-hover&quot;:false,&quot;draggable&quot;:true,&quot;velocity&quot;:1,&quot;finite&quot;:false}\" data-settings=\"{&quot;id&quot;:&quot;#bdt-3b326bb&quot;,&quot;animation_status&quot;:&quot;no&quot;}\" id=\"bdt-3b326bb\">\n\t\t\t\t\t<ul class=\"bdt-slideshow-items\">\n\t\t\t\t\t\t\n\t\t\t<li\n\t\t\t\tclass=\"bdt-slideshow-item bdt-flex bdt-flex-middle bdt-flex-center elementor-repeater-item-2e35a47\">\n\t\t\t\t\t\t\t\t\t<div\n\t\t\t\t\t\tclass=\"bdt-position-cover bdt-animation-kenburns bdt-animation-reverse bdt-transform-origin-center-left\">\n\t\t\t\t\t\n\t\t\t\t\t\t\t\t\t\t\t\t\t<video autoplay loop muted playsinline bdt-cover>\n\t\t\t<source src=\"https:\/\/370studio.com\/wp-content\/uploads\/2025\/11\/film-PRESS.mp4\" type=\"video\/mp4\">\n\t\t<\/video>\n\t\t\t\t\t\t\t\n\t\t\t\t\t\t\t\t\t\t<\/div>\n\t\t\t\t\n\t\t\t\t\n\t\t\t\t\t\t<div class=\"bdt-prime-slider-wrapper\">\n\t\t\t<div class=\"bdt-prime-slider-content\">\n\t\t\t\t<div class=\"bdt-prime-slider-desc\">\n\n\t\t\t\t\t\n\t\t\t\t\t\n\t\t\t\t\t\n\t\t\t\t\t<div data-bdt-slideshow-parallax=\"x: 150,0,-30; opacity: 1,1,0\">\n\t\t\t\t\t\t<div class=\"bdt-btn-wrapper\">\n\t\t\t\t\t\t\t\t\t\t\t\t\t<\/div>\n\t\t\t\t\t<\/div>\n\t\t\t\t<\/div>\n\n\t\t\t\t\n\t\t\t<\/div>\n\t\t<\/div>\n\t\t\t\t\t<\/li>\n\n\t\t\n\t\t\t\t\t<\/ul>\n\t\t\t\t\t\n\t\t\n\t\t\t\t\t\t\t\n\t\t\n\t\t\t\t\t\t<\/div>\n\t\t\t\t\t\t\t\t\t\t\t<\/div>\n\t\t<\/div>\n\t\t\t\t\t\t<\/div>\n\t\t\t\t\t<\/div>\n\t\t<\/div>\n\t\t\t\t\t<\/div>\n\t\t<\/section>\n\t\t<div class=\"elementor-element elementor-element-2f0ea97 e-flex e-con-boxed e-con e-parent\" data-id=\"2f0ea97\" data-element_type=\"container\" data-settings=\"{&quot;background_background&quot;:&quot;classic&quot;}\">\n\t\t\t\t\t<div class=\"e-con-inner\">\n\t\t<div class=\"elementor-element elementor-element-06baa5b e-con-full e-flex e-con e-child\" data-id=\"06baa5b\" data-element_type=\"container\">\n\t\t\t\t<div class=\"elementor-element elementor-element-6b0df45 elementor-widget elementor-widget-text-editor\" data-id=\"6b0df45\" data-element_type=\"widget\" data-widget_type=\"text-editor.default\">\n\t\t\t\t\t\t\t\t\t<p data-start=\"0\" data-end=\"97\">We are proud that our projects regularly appear in industry media and inspire the design space.<\/p><p data-start=\"99\" data-end=\"213\">We collaborate with editorial teams, share knowledge, and showcase how to combine aesthetics with functionality.<\/p><p data-start=\"215\" data-end=\"404\">We value well-told stories \u2014 including those about us. If you&#8217;d like to talk, ask questions, write, or simply learn what drives us, we are open to working with media and content creators.<\/p><p data-start=\"406\" data-end=\"448\">Get in touch with us: <a style=\"color: #3cc2d4;\" href=\"mailto:info@370studio.com\">info@370studio.com<\/a><\/p><p>Press materials available upon request.<\/p>\t\t\t\t\t\t\t\t<\/div>\n\t\t\t\t<\/div>\n\t\t<div class=\"elementor-element elementor-element-60ba08a e-con-full e-flex e-con e-child\" data-id=\"60ba08a\" data-element_type=\"container\" data-settings=\"{&quot;background_background&quot;:&quot;classic&quot;}\">\n\t\t\t\t<\/div>\n\t\t\t\t\t<\/div>\n\t\t\t\t<\/div>\n\t\t<div class=\"elementor-element elementor-element-de903bc e-flex e-con-boxed e-con e-parent\" data-id=\"de903bc\" data-element_type=\"container\">\n\t\t\t\t\t<div class=\"e-con-inner\">\n\t\t\t\t\t<\/div>\n\t\t\t\t<\/div>\n\t\t<div class=\"elementor-element elementor-element-4247022 elementor-hidden-tablet elementor-hidden-mobile e-flex e-con-boxed e-con e-parent\" data-id=\"4247022\" data-element_type=\"container\" data-settings=\"{&quot;background_background&quot;:&quot;classic&quot;}\">\n\t\t\t\t\t<div class=\"e-con-inner\">\n\t\t<div class=\"elementor-element elementor-element-94d041a e-con-full e-flex e-con e-child\" data-id=\"94d041a\" data-element_type=\"container\">\n\t\t<div class=\"elementor-element elementor-element-191cfe4 e-con-full e-flex e-con e-child\" data-id=\"191cfe4\" data-element_type=\"container\">\n\t\t<div class=\"elementor-element elementor-element-7d672d0 e-con-full e-flex e-con e-child\" data-id=\"7d672d0\" data-element_type=\"container\">\n\t\t\t\t<div class=\"elementor-element elementor-element-49918f7 elementor-widget__width-initial elementor-widget elementor-widget-qi_addons_for_elementor_animated_text\" data-id=\"49918f7\" data-element_type=\"widget\" data-widget_type=\"qi_addons_for_elementor_animated_text.default\">\n\t\t\t\t<div class=\"elementor-widget-container\">\n\t\t\t\t\t<div class=\"qodef-shortcode qodef-m qodef-qi-animated-text qodef--animated-by-letter qodef--alignment-center qodef-qi--has-appear qodef--appear-fade\" >\n\t\t<h3 class=\"qodef-m-title\">\n\t\t<span class=\"qodef-e-word-holder\">Collaboration<\/span>\t<\/h3>\n<\/div>\n\t\t\t\t<\/div>\n\t\t\t\t<\/div>\n\t\t\t\t<div class=\"elementor-element elementor-element-4a64c58 elementor-invisible elementor-widget elementor-widget-qi_addons_for_elementor_animated_text\" data-id=\"4a64c58\" data-element_type=\"widget\" data-settings=\"{&quot;_animation&quot;:&quot;fadeIn&quot;}\" data-widget_type=\"qi_addons_for_elementor_animated_text.default\">\n\t\t\t\t<div class=\"elementor-widget-container\">\n\t\t\t\t\t<div class=\"qodef-shortcode qodef-m qodef-qi-animated-text qodef--animated-by-letter qodef--alignment-center qodef-qi--has-appear qodef--appear-fade\" >\n\t\t<h1 class=\"qodef-m-title\">\n\t\t<span class=\"qodef-e-word-holder\">Let\u2019s<\/span> <span class=\"qodef-e-word-holder\">tell<\/span> <span class=\"qodef-e-word-holder\">a<\/span> <span class=\"qodef-e-word-holder\">new<\/span> <span class=\"qodef-e-word-holder\">story<\/span> <span class=\"qodef-e-word-holder\">together!<\/span>\t<\/h1>\n<\/div>\n\t\t\t\t<\/div>\n\t\t\t\t<\/div>\n\t\t\t\t<div class=\"elementor-element elementor-element-c16bb50 elementor-widget elementor-widget-spacer\" data-id=\"c16bb50\" data-element_type=\"widget\" data-widget_type=\"spacer.default\">\n\t\t\t\t\t\t\t<div class=\"elementor-spacer\">\n\t\t\t<div class=\"elementor-spacer-inner\"><\/div>\n\t\t<\/div>\n\t\t\t\t\t\t<\/div>\n\t\t\t\t<div class=\"elementor-element elementor-element-35d9550 -text-faded elementor-invisible elementor-widget elementor-widget-heading\" data-id=\"35d9550\" data-element_type=\"widget\" data-settings=\"{&quot;_animation&quot;:&quot;fadeInUp&quot;,&quot;_animation_delay&quot;:400}\" data-widget_type=\"heading.default\">\n\t\t\t\t\t<h3 class=\"elementor-heading-title elementor-size-default\">Let\u2019s talk about your new space over a good cup of coffee.\n<\/h3>\t\t\t\t<\/div>\n\t\t\t\t<div class=\"elementor-element elementor-element-0836091 elementor-widget elementor-widget-spacer\" data-id=\"0836091\" data-element_type=\"widget\" data-widget_type=\"spacer.default\">\n\t\t\t\t\t\t\t<div class=\"elementor-spacer\">\n\t\t\t<div class=\"elementor-spacer-inner\"><\/div>\n\t\t<\/div>\n\t\t\t\t\t\t<\/div>\n\t\t\t\t<div class=\"elementor-element elementor-element-38be7ec e-transform elementor-invisible elementor-widget elementor-widget-qi_addons_for_elementor_button\" data-id=\"38be7ec\" data-element_type=\"widget\" data-settings=\"{&quot;_animation&quot;:&quot;fadeInUp&quot;,&quot;_animation_delay&quot;:800,&quot;_transform_scale_effect_hover&quot;:{&quot;unit&quot;:&quot;px&quot;,&quot;size&quot;:1.1,&quot;sizes&quot;:[]},&quot;_transform_scale_effect_hover_tablet&quot;:{&quot;unit&quot;:&quot;px&quot;,&quot;size&quot;:&quot;&quot;,&quot;sizes&quot;:[]},&quot;_transform_scale_effect_hover_mobile&quot;:{&quot;unit&quot;:&quot;px&quot;,&quot;size&quot;:&quot;&quot;,&quot;sizes&quot;:[]}}\" data-widget_type=\"qi_addons_for_elementor_button.default\">\n\t\t\t\t<div class=\"elementor-widget-container\">\n\t\t\t\t\t<a class=\"qodef-shortcode qodef-m qodef-qi-button qodef-html--link qodef-layout--filled qodef-type--standard qodef-icon--right qodef-hover--icon-move-horizontal-short\" href=\"https:\/\/370studio.com\/kontakt\/\" target=\"_self\">\n\t<span class=\"qodef-m-text\">Get in touch with us<\/span>\n\t\t<span class=\"qodef-m-icon\">\n\t\t<span class=\"qodef-m-icon-inner\">\n\t\t\t<svg xmlns=\"http:\/\/www.w3.org\/2000\/svg\" height=\"21\" viewBox=\"0 0 21 21\" width=\"21\"><g fill=\"none\" fill-rule=\"evenodd\" stroke=\"currentColor\" stroke-linecap=\"round\" stroke-linejoin=\"round\" transform=\"translate(6 6)\"><path d=\"m8.5 7.5v-7h-7\"><\/path><path d=\"m8.5.5-8 8\"><\/path><\/g><\/svg>\t\t\t\t\t<\/span>\n\t<\/span>\n<\/a>\n\t\t\t\t<\/div>\n\t\t\t\t<\/div>\n\t\t\t\t<\/div>\n\t\t\t\t<\/div>\n\t\t\t\t<\/div>\n\t\t\t\t\t<\/div>\n\t\t\t\t<\/div>\n\t\t\t\t<\/div>\n\t\t","protected":false},"excerpt":{"rendered":"<p>We are proud that our projects regularly appear in industry media and inspire the design space. We collaborate with editorial teams, share knowledge, and showcase how to combine aesthetics with functionality. We value well-told stories \u2014 including those about us. If you&#8217;d like to talk, ask questions, write, or simply learn what drives us, we are open to working with media and content creators. Get&#8230; <\/p>\n<p class=\"more\"><a class=\"more-link\" href=\"https:\/\/370studio.com\/en\/press\/\">Read More<\/a><\/p>\n","protected":false},"author":1,"featured_media":0,"parent":0,"menu_order":0,"comment_status":"closed","ping_status":"closed","template":"elementor_header_footer","meta":{"inline_featured_image":false,"footnotes":""},"class_list":["post-22585","page","type-page","status-publish","hentry","is-cat-link-borders-light is-cat-link-rounded"],"yoast_head":"<!-- This site is optimized with the Yoast SEO plugin v26.8 - https:\/\/yoast.com\/product\/yoast-seo-wordpress\/ -->\n<title>Press - Studio 370<\/title>\n<meta name=\"description\" content=\"Press | Studio projektowe wn\u0119trz HoReCa \u2013 projekty wykonawcze, nadz\u00f3r i realizacje pod klucz. Sprawd\u017a ofert\u0119 i skontaktuj si\u0119.\" \/>\n<meta name=\"robots\" content=\"noindex, follow\" \/>\n<meta property=\"og:locale\" content=\"en_US\" \/>\n<meta property=\"og:type\" content=\"article\" \/>\n<meta property=\"og:title\" content=\"Press - Studio 370\" \/>\n<meta property=\"og:description\" content=\"Press | Studio projektowe wn\u0119trz HoReCa \u2013 projekty wykonawcze, nadz\u00f3r i realizacje pod klucz. Sprawd\u017a ofert\u0119 i skontaktuj si\u0119.\" \/>\n<meta property=\"og:url\" content=\"https:\/\/370studio.com\/en\/press\/\" \/>\n<meta property=\"og:site_name\" content=\"Studio 370\" \/>\n<meta property=\"article:modified_time\" content=\"2026-02-17T16:42:43+00:00\" \/>\n<meta name=\"twitter:card\" content=\"summary_large_image\" \/>\n<meta name=\"twitter:label1\" content=\"Est. reading time\" \/>\n\t<meta name=\"twitter:data1\" content=\"1 minute\" \/>\n<script type=\"application\/ld+json\" class=\"yoast-schema-graph\">{\"@context\":\"https:\/\/schema.org\",\"@graph\":[{\"@type\":\"WebPage\",\"@id\":\"https:\/\/370studio.com\/en\/press\/\",\"url\":\"https:\/\/370studio.com\/en\/press\/\",\"name\":\"Press - Studio 370\",\"isPartOf\":{\"@id\":\"https:\/\/370studio.com\/en\/#website\"},\"datePublished\":\"2025-10-13T11:27:27+00:00\",\"dateModified\":\"2026-02-17T16:42:43+00:00\",\"description\":\"Press | Studio projektowe wn\u0119trz HoReCa \u2013 projekty wykonawcze, nadz\u00f3r i realizacje pod klucz. Sprawd\u017a ofert\u0119 i skontaktuj si\u0119.\",\"breadcrumb\":{\"@id\":\"https:\/\/370studio.com\/en\/press\/#breadcrumb\"},\"inLanguage\":\"en-US\",\"potentialAction\":[{\"@type\":\"ReadAction\",\"target\":[\"https:\/\/370studio.com\/en\/press\/\"]}]},{\"@type\":\"BreadcrumbList\",\"@id\":\"https:\/\/370studio.com\/en\/press\/#breadcrumb\",\"itemListElement\":[{\"@type\":\"ListItem\",\"position\":1,\"name\":\"Strona g\u0142\u00f3wna\",\"item\":\"https:\/\/370studio.com\/en\/\"},{\"@type\":\"ListItem\",\"position\":2,\"name\":\"Press\"}]},{\"@type\":\"WebSite\",\"@id\":\"https:\/\/370studio.com\/en\/#website\",\"url\":\"https:\/\/370studio.com\/en\/\",\"name\":\"Studio 370\",\"description\":\"\",\"potentialAction\":[{\"@type\":\"SearchAction\",\"target\":{\"@type\":\"EntryPoint\",\"urlTemplate\":\"https:\/\/370studio.com\/en\/?s={search_term_string}\"},\"query-input\":{\"@type\":\"PropertyValueSpecification\",\"valueRequired\":true,\"valueName\":\"search_term_string\"}}],\"inLanguage\":\"en-US\"}]}<\/script>\n<!-- \/ Yoast SEO plugin. -->","yoast_head_json":{"title":"Press - Studio 370","description":"Press | Studio projektowe wn\u0119trz HoReCa \u2013 projekty wykonawcze, nadz\u00f3r i realizacje pod klucz. Sprawd\u017a ofert\u0119 i skontaktuj si\u0119.","robots":{"index":"noindex","follow":"follow"},"og_locale":"en_US","og_type":"article","og_title":"Press - Studio 370","og_description":"Press | Studio projektowe wn\u0119trz HoReCa \u2013 projekty wykonawcze, nadz\u00f3r i realizacje pod klucz. Sprawd\u017a ofert\u0119 i skontaktuj si\u0119.","og_url":"https:\/\/370studio.com\/en\/press\/","og_site_name":"Studio 370","article_modified_time":"2026-02-17T16:42:43+00:00","twitter_card":"summary_large_image","twitter_misc":{"Est. reading time":"1 minute"},"schema":{"@context":"https:\/\/schema.org","@graph":[{"@type":"WebPage","@id":"https:\/\/370studio.com\/en\/press\/","url":"https:\/\/370studio.com\/en\/press\/","name":"Press - Studio 370","isPartOf":{"@id":"https:\/\/370studio.com\/en\/#website"},"datePublished":"2025-10-13T11:27:27+00:00","dateModified":"2026-02-17T16:42:43+00:00","description":"Press | Studio projektowe wn\u0119trz HoReCa \u2013 projekty wykonawcze, nadz\u00f3r i realizacje pod klucz. Sprawd\u017a ofert\u0119 i skontaktuj si\u0119.","breadcrumb":{"@id":"https:\/\/370studio.com\/en\/press\/#breadcrumb"},"inLanguage":"en-US","potentialAction":[{"@type":"ReadAction","target":["https:\/\/370studio.com\/en\/press\/"]}]},{"@type":"BreadcrumbList","@id":"https:\/\/370studio.com\/en\/press\/#breadcrumb","itemListElement":[{"@type":"ListItem","position":1,"name":"Strona g\u0142\u00f3wna","item":"https:\/\/370studio.com\/en\/"},{"@type":"ListItem","position":2,"name":"Press"}]},{"@type":"WebSite","@id":"https:\/\/370studio.com\/en\/#website","url":"https:\/\/370studio.com\/en\/","name":"Studio 370","description":"","potentialAction":[{"@type":"SearchAction","target":{"@type":"EntryPoint","urlTemplate":"https:\/\/370studio.com\/en\/?s={search_term_string}"},"query-input":{"@type":"PropertyValueSpecification","valueRequired":true,"valueName":"search_term_string"}}],"inLanguage":"en-US"}]}},"_links":{"self":[{"href":"https:\/\/370studio.com\/en\/wp-json\/wp\/v2\/pages\/22585","targetHints":{"allow":["GET"]}}],"collection":[{"href":"https:\/\/370studio.com\/en\/wp-json\/wp\/v2\/pages"}],"about":[{"href":"https:\/\/370studio.com\/en\/wp-json\/wp\/v2\/types\/page"}],"author":[{"embeddable":true,"href":"https:\/\/370studio.com\/en\/wp-json\/wp\/v2\/users\/1"}],"replies":[{"embeddable":true,"href":"https:\/\/370studio.com\/en\/wp-json\/wp\/v2\/comments?post=22585"}],"version-history":[{"count":6,"href":"https:\/\/370studio.com\/en\/wp-json\/wp\/v2\/pages\/22585\/revisions"}],"predecessor-version":[{"id":22633,"href":"https:\/\/370studio.com\/en\/wp-json\/wp\/v2\/pages\/22585\/revisions\/22633"}],"wp:attachment":[{"href":"https:\/\/370studio.com\/en\/wp-json\/wp\/v2\/media?parent=22585"}],"curies":[{"name":"wp","href":"https:\/\/api.w.org\/{rel}","templated":true}]}}